{"id":2350,"date":"2021-10-11T08:14:54","date_gmt":"2021-10-11T08:14:54","guid":{"rendered":"https:\/\/hatko.com.tr\/de\/?page_id=2350"},"modified":"2021-10-11T08:16:53","modified_gmt":"2021-10-11T08:16:53","slug":"nachrichten","status":"publish","type":"page","link":"https:\/\/hatko.com.tr\/de\/nachrichten\/","title":{"rendered":"Nachrichten"},"content":{"rendered":"\t\t<div data-elementor-type=\"wp-page\" data-elementor-id=\"2350\" class=\"elementor elementor-2350\" data-elementor-settings=\"[]\">\n\t\t\t\t\t\t<div class=\"elementor-inner\">\n\t\t\t\t\t\t\t<div class=\"elementor-section-wrap\">\n\t\t\t\t\t\t\t<section class=\"elementor-section elementor-top-section elementor-element elementor-element-6d5a8d83 elementor-section-height-min-height elementor-section-boxed elementor-section-height-default elementor-section-items-middle elementor-invisible\" data-id=\"6d5a8d83\" data-element_type=\"section\" data-settings=\"{&quot;background_background&quot;:&quot;classic&quot;,&quot;animation&quot;:&quot;fadeInUp&quot;}\">\n\t\t\t\t\t\t<div class=\"elementor-container elementor-column-gap-default\">\n\t\t\t\t\t\t\t<div class=\"elementor-row\">\n\t\t\t\t\t<div class=\"elementor-column elementor-col-100 elementor-top-column elementor-element elementor-element-3a6ab4d5\" data-id=\"3a6ab4d5\" data-element_type=\"column\">\n\t\t\t<div class=\"elementor-column-wrap elementor-element-populated\">\n\t\t\t\t\t\t\t<div class=\"elementor-widget-wrap\">\n\t\t\t\t\t\t<div class=\"elementor-element elementor-element-75e04949 elementor-widget elementor-widget-text-editor\" data-id=\"75e04949\" data-element_type=\"widget\" data-widget_type=\"text-editor.default\">\n\t\t\t\t<div class=\"elementor-widget-container\">\n\t\t\t\t\t\t\t\t<div class=\"elementor-text-editor elementor-clearfix\">\n\t\t\t\t\t<p>learn about our history<\/p>\t\t\t\t\t<\/div>\n\t\t\t\t\t\t<\/div>\n\t\t\t\t<\/div>\n\t\t\t\t<div class=\"elementor-element elementor-element-4d708781 elementor-widget elementor-widget-heading\" data-id=\"4d708781\" data-element_type=\"widget\" data-widget_type=\"heading.default\">\n\t\t\t\t<div class=\"elementor-widget-container\">\n\t\t\t<h1 class=\"elementor-heading-title elementor-size-default\">Nachrichten<\/h1>\t\t<\/div>\n\t\t\t\t<\/div>\n\t\t\t\t\t\t<\/div>\n\t\t\t\t\t<\/div>\n\t\t<\/div>\n\t\t\t\t\t\t\t\t<\/div>\n\t\t\t\t\t<\/div>\n\t\t<\/section>\n\t\t\t\t<section class=\"elementor-section elementor-top-section elementor-element elementor-element-6dda019 elementor-section-boxed elementor-section-height-default elementor-section-height-default elementor-invisible\" data-id=\"6dda019\" data-element_type=\"section\" data-settings=\"{&quot;animation&quot;:&quot;fadeInUp&quot;}\">\n\t\t\t\t\t\t<div class=\"elementor-container elementor-column-gap-default\">\n\t\t\t\t\t\t\t<div class=\"elementor-row\">\n\t\t\t\t\t<div class=\"elementor-column elementor-col-100 elementor-top-column elementor-element elementor-element-16066be\" data-id=\"16066be\" data-element_type=\"column\">\n\t\t\t<div class=\"elementor-column-wrap elementor-element-populated\">\n\t\t\t\t\t\t\t<div class=\"elementor-widget-wrap\">\n\t\t\t\t\t\t<div class=\"elementor-element elementor-element-56676c5 elementor-grid-3 elementor-grid-tablet-2 elementor-grid-mobile-1 elementor-posts--thumbnail-top elementor-widget elementor-widget-posts\" data-id=\"56676c5\" data-element_type=\"widget\" data-settings=\"{&quot;classic_columns&quot;:&quot;3&quot;,&quot;classic_columns_tablet&quot;:&quot;2&quot;,&quot;classic_columns_mobile&quot;:&quot;1&quot;,&quot;classic_row_gap&quot;:{&quot;unit&quot;:&quot;px&quot;,&quot;size&quot;:35,&quot;sizes&quot;:[]}}\" data-widget_type=\"posts.classic\">\n\t\t\t\t<div class=\"elementor-widget-container\">\n\t\t\t\t\t<div class=\"elementor-posts-container elementor-posts elementor-posts--skin-classic elementor-grid\">\n\t\t\t\t<article class=\"elementor-post elementor-grid-item post-2387 post type-post status-publish format-standard has-post-thumbnail hentry category-uncategorized\">\n\t\t\t\t<a class=\"elementor-post__thumbnail__link\" href=\"https:\/\/hatko.com.tr\/de\/in-der-3-woche-der-herbalife-nutrition-damen-basketball-super-liga-besiegte-hatayspor-bellona-kayseri-basketball-team-mit-94-93\/\" >\n\t\t\t<div class=\"elementor-post__thumbnail\"><img width=\"257\" height=\"300\" src=\"https:\/\/hatko.com.tr\/de\/wp-content\/uploads\/2021\/12\/249929221_408-257x300.jpg\" class=\"attachment-medium size-medium\" alt=\"\" loading=\"lazy\" srcset=\"https:\/\/hatko.com.tr\/de\/wp-content\/uploads\/2021\/12\/249929221_408-257x300.jpg 257w, https:\/\/hatko.com.tr\/de\/wp-content\/uploads\/2021\/12\/249929221_408-876x1024.jpg 876w, https:\/\/hatko.com.tr\/de\/wp-content\/uploads\/2021\/12\/249929221_408-768x898.jpg 768w, https:\/\/hatko.com.tr\/de\/wp-content\/uploads\/2021\/12\/249929221_408.jpg 1080w\" sizes=\"(max-width: 257px) 100vw, 257px\" \/><\/div>\n\t\t<\/a>\n\t\t\t\t<div class=\"elementor-post__text\">\n\t\t\t\t<h3 class=\"elementor-post__title\">\n\t\t\t<a href=\"https:\/\/hatko.com.tr\/de\/in-der-3-woche-der-herbalife-nutrition-damen-basketball-super-liga-besiegte-hatayspor-bellona-kayseri-basketball-team-mit-94-93\/\" >\n\t\t\t\tin der 3. Woche der Herbalife Nutrition Damen Basketball Super Liga besiegte Hatayspor Bellona Kayseri Basketball Team mit 94-93.\t\t\t<\/a>\n\t\t<\/h3>\n\t\t\t\t<div class=\"elementor-post__meta-data\">\n\t\t\t\t\t<span class=\"elementor-post-date\">\n\t\t\tDecember 31, 2021\t\t<\/span>\n\t\t\t\t<\/div>\n\t\t\t\t<div class=\"elementor-post__excerpt\">\n\t\t\t<p>Hatayspor: Aaryn 34, Idal Yavuz, Gorini 7, B\u00fc\u015fra Akba\u015f 8, Ay\u015feg\u00fcl G\u00fcnay Alada\u011f 5, B\u00fc\u015fra Akg\u00fcn 2, Bahar \u00c7a\u011flar \u00d6tken 10, Kalani Brown 26, Elif<\/p>\n\t\t<\/div>\n\t\t\t\t\t<a class=\"elementor-post__read-more\" href=\"https:\/\/hatko.com.tr\/de\/in-der-3-woche-der-herbalife-nutrition-damen-basketball-super-liga-besiegte-hatayspor-bellona-kayseri-basketball-team-mit-94-93\/\" >\n\t\t\t\tRead More \u00bb\t\t\t<\/a>\n\t\t\t\t<\/div>\n\t\t\t\t<\/article>\n\t\t\t\t<article class=\"elementor-post elementor-grid-item post-2381 post type-post status-publish format-standard has-post-thumbnail hentry category-uncategorized\">\n\t\t\t\t<a class=\"elementor-post__thumbnail__link\" href=\"https:\/\/hatko.com.tr\/de\/wir-haben-griechenland-panathinaikos-87-56-besiegt\/\" >\n\t\t\t<div class=\"elementor-post__thumbnail\"><img width=\"300\" height=\"200\" src=\"https:\/\/hatko.com.tr\/de\/wp-content\/uploads\/2021\/12\/photo_2021-12-26_20-06-19-300x200.jpg\" class=\"attachment-medium size-medium\" alt=\"\" loading=\"lazy\" srcset=\"https:\/\/hatko.com.tr\/de\/wp-content\/uploads\/2021\/12\/photo_2021-12-26_20-06-19-300x200.jpg 300w, https:\/\/hatko.com.tr\/de\/wp-content\/uploads\/2021\/12\/photo_2021-12-26_20-06-19-1024x683.jpg 1024w, https:\/\/hatko.com.tr\/de\/wp-content\/uploads\/2021\/12\/photo_2021-12-26_20-06-19-768x512.jpg 768w, https:\/\/hatko.com.tr\/de\/wp-content\/uploads\/2021\/12\/photo_2021-12-26_20-06-19.jpg 1080w\" sizes=\"(max-width: 300px) 100vw, 300px\" \/><\/div>\n\t\t<\/a>\n\t\t\t\t<div class=\"elementor-post__text\">\n\t\t\t\t<h3 class=\"elementor-post__title\">\n\t\t\t<a href=\"https:\/\/hatko.com.tr\/de\/wir-haben-griechenland-panathinaikos-87-56-besiegt\/\" >\n\t\t\t\tWir haben Griechenland\/ Panathinaikos  87-56 besiegt!\t\t\t<\/a>\n\t\t<\/h3>\n\t\t\t\t<div class=\"elementor-post__meta-data\">\n\t\t\t\t\t<span class=\"elementor-post-date\">\n\t\t\tDecember 31, 2021\t\t<\/span>\n\t\t\t\t<\/div>\n\t\t\t\t<div class=\"elementor-post__excerpt\">\n\t\t\t\t\t<\/div>\n\t\t\t\t\t<a class=\"elementor-post__read-more\" href=\"https:\/\/hatko.com.tr\/de\/wir-haben-griechenland-panathinaikos-87-56-besiegt\/\" >\n\t\t\t\tRead More \u00bb\t\t\t<\/a>\n\t\t\t\t<\/div>\n\t\t\t\t<\/article>\n\t\t\t\t<article class=\"elementor-post elementor-grid-item post-2374 post type-post status-publish format-standard has-post-thumbnail hentry category-uncategorized\">\n\t\t\t\t<a class=\"elementor-post__thumbnail__link\" href=\"https:\/\/hatko.com.tr\/de\/hatayspor-damen-basketball-team-besiegt-im-eigenen-stadium-das-basketball-team-antalya-07\/\" >\n\t\t\t<div class=\"elementor-post__thumbnail\"><img width=\"300\" height=\"225\" src=\"https:\/\/hatko.com.tr\/de\/wp-content\/uploads\/2021\/12\/photo_2021-12-26_20-04-04-300x225.jpg\" class=\"attachment-medium size-medium\" alt=\"\" loading=\"lazy\" srcset=\"https:\/\/hatko.com.tr\/de\/wp-content\/uploads\/2021\/12\/photo_2021-12-26_20-04-04-300x225.jpg 300w, https:\/\/hatko.com.tr\/de\/wp-content\/uploads\/2021\/12\/photo_2021-12-26_20-04-04-1024x768.jpg 1024w, https:\/\/hatko.com.tr\/de\/wp-content\/uploads\/2021\/12\/photo_2021-12-26_20-04-04-768x576.jpg 768w, https:\/\/hatko.com.tr\/de\/wp-content\/uploads\/2021\/12\/photo_2021-12-26_20-04-04.jpg 1080w\" sizes=\"(max-width: 300px) 100vw, 300px\" \/><\/div>\n\t\t<\/a>\n\t\t\t\t<div class=\"elementor-post__text\">\n\t\t\t\t<h3 class=\"elementor-post__title\">\n\t\t\t<a href=\"https:\/\/hatko.com.tr\/de\/hatayspor-damen-basketball-team-besiegt-im-eigenen-stadium-das-basketball-team-antalya-07\/\" >\n\t\t\t\tHatayspor Damen-Basketball-Team besiegt im eigenen Stadium das Basketball-Team  Antalya 07\t\t\t<\/a>\n\t\t<\/h3>\n\t\t\t\t<div class=\"elementor-post__meta-data\">\n\t\t\t\t\t<span class=\"elementor-post-date\">\n\t\t\tDecember 31, 2021\t\t<\/span>\n\t\t\t\t<\/div>\n\t\t\t\t<div class=\"elementor-post__excerpt\">\n\t\t\t<p>In der 8. Woche der Herbalife Nutrition Damen Basketball Super Liga besiegte Hatayspor Antalya 07 Basketball mit 76-70. Hatayspor: Wiley 25, Gorini, B\u00fc\u015fra Akba\u015f 3,<\/p>\n\t\t<\/div>\n\t\t\t\t\t<a class=\"elementor-post__read-more\" href=\"https:\/\/hatko.com.tr\/de\/hatayspor-damen-basketball-team-besiegt-im-eigenen-stadium-das-basketball-team-antalya-07\/\" >\n\t\t\t\tRead More \u00bb\t\t\t<\/a>\n\t\t\t\t<\/div>\n\t\t\t\t<\/article>\n\t\t\t\t<article class=\"elementor-post elementor-grid-item post-2371 post type-post status-publish format-standard has-post-thumbnail hentry category-uncategorized\">\n\t\t\t\t<a class=\"elementor-post__thumbnail__link\" href=\"https:\/\/hatko.com.tr\/de\/in-der-7-woche-der-herbalife-nutrition-damen-basketball-super-liga\/\" >\n\t\t\t<div class=\"elementor-post__thumbnail\"><img width=\"300\" height=\"186\" src=\"https:\/\/hatko.com.tr\/de\/wp-content\/uploads\/2021\/12\/photo_2021-12-26_20-01-42-300x186.jpg\" class=\"attachment-medium size-medium\" alt=\"\" loading=\"lazy\" srcset=\"https:\/\/hatko.com.tr\/de\/wp-content\/uploads\/2021\/12\/photo_2021-12-26_20-01-42-300x186.jpg 300w, https:\/\/hatko.com.tr\/de\/wp-content\/uploads\/2021\/12\/photo_2021-12-26_20-01-42.jpg 682w\" sizes=\"(max-width: 300px) 100vw, 300px\" \/><\/div>\n\t\t<\/a>\n\t\t\t\t<div class=\"elementor-post__text\">\n\t\t\t\t<h3 class=\"elementor-post__title\">\n\t\t\t<a href=\"https:\/\/hatko.com.tr\/de\/in-der-7-woche-der-herbalife-nutrition-damen-basketball-super-liga\/\" >\n\t\t\t\tIn der 7. Woche der Herbalife Nutrition Damen Basketball Super Liga\t\t\t<\/a>\n\t\t<\/h3>\n\t\t\t\t<div class=\"elementor-post__meta-data\">\n\t\t\t\t\t<span class=\"elementor-post-date\">\n\t\t\tDecember 31, 2021\t\t<\/span>\n\t\t\t\t<\/div>\n\t\t\t\t<div class=\"elementor-post__excerpt\">\n\t\t\t<p>In der 7. Woche der Herbalife Nutrition Damen Basketball Super Liga gewann Hatayspor Damen Basketball Team im Ausw\u00e4rtsspiel gegen \u00c7BK Mersin Yenisehir Gemeinde mit 88-86.<\/p>\n\t\t<\/div>\n\t\t\t\t\t<a class=\"elementor-post__read-more\" href=\"https:\/\/hatko.com.tr\/de\/in-der-7-woche-der-herbalife-nutrition-damen-basketball-super-liga\/\" >\n\t\t\t\tRead More \u00bb\t\t\t<\/a>\n\t\t\t\t<\/div>\n\t\t\t\t<\/article>\n\t\t\t\t<article class=\"elementor-post elementor-grid-item post-2347 post type-post status-publish format-standard has-post-thumbnail hentry category-uncategorized\">\n\t\t\t\t<a class=\"elementor-post__thumbnail__link\" href=\"https:\/\/hatko.com.tr\/de\/hatay-spor\/\" >\n\t\t\t<div class=\"elementor-post__thumbnail\"><img width=\"300\" height=\"249\" src=\"https:\/\/hatko.com.tr\/de\/wp-content\/uploads\/2021\/10\/news-img001-300x249.jpg\" class=\"attachment-medium size-medium\" alt=\"\" loading=\"lazy\" srcset=\"https:\/\/hatko.com.tr\/de\/wp-content\/uploads\/2021\/10\/news-img001-300x249.jpg 300w, https:\/\/hatko.com.tr\/de\/wp-content\/uploads\/2021\/10\/news-img001.jpg 527w\" sizes=\"(max-width: 300px) 100vw, 300px\" \/><\/div>\n\t\t<\/a>\n\t\t\t\t<div class=\"elementor-post__text\">\n\t\t\t\t<h3 class=\"elementor-post__title\">\n\t\t\t<a href=\"https:\/\/hatko.com.tr\/de\/hatay-spor\/\" >\n\t\t\t\tHATAY SPOR\t\t\t<\/a>\n\t\t<\/h3>\n\t\t\t\t<div class=\"elementor-post__meta-data\">\n\t\t\t\t\t<span class=\"elementor-post-date\">\n\t\t\tOctober 11, 2021\t\t<\/span>\n\t\t\t\t<\/div>\n\t\t\t\t<div class=\"elementor-post__excerpt\">\n\t\t\t<p>Mehmet Ertu\u011frul HATAYLI Gr\u00fcnder und Vorstandsvorsitzender der HATKO Unternehmensgruppe, der immer mit dem Sport verbunden ist, sich aktiv im Sport engagiert und eine der tief<\/p>\n\t\t<\/div>\n\t\t\t\t\t<a class=\"elementor-post__read-more\" href=\"https:\/\/hatko.com.tr\/de\/hatay-spor\/\" >\n\t\t\t\tRead More \u00bb\t\t\t<\/a>\n\t\t\t\t<\/div>\n\t\t\t\t<\/article>\n\t\t\t\t<\/div>\n\t\t\t\t<\/div>\n\t\t\t\t<\/div>\n\t\t\t\t\t\t<\/div>\n\t\t\t\t\t<\/div>\n\t\t<\/div>\n\t\t\t\t\t\t\t\t<\/div>\n\t\t\t\t\t<\/div>\n\t\t<\/section>\n\t\t\t\t\t\t<\/div>\n\t\t\t\t\t\t<\/div>\n\t\t\t\t\t<\/div>\n\t\t","protected":false},"excerpt":{"rendered":"<p>learn about our history Nachrichten<\/p>\n","protected":false},"author":1,"featured_media":0,"parent":0,"menu_order":0,"comment_status":"closed","ping_status":"closed","template":"","meta":[],"_links":{"self":[{"href":"https:\/\/hatko.com.tr\/de\/wp-json\/wp\/v2\/pages\/2350"}],"collection":[{"href":"https:\/\/hatko.com.tr\/de\/wp-json\/wp\/v2\/pages"}],"about":[{"href":"https:\/\/hatko.com.tr\/de\/wp-json\/wp\/v2\/types\/page"}],"author":[{"embeddable":true,"href":"https:\/\/hatko.com.tr\/de\/wp-json\/wp\/v2\/users\/1"}],"replies":[{"embeddable":true,"href":"https:\/\/hatko.com.tr\/de\/wp-json\/wp\/v2\/comments?post=2350"}],"version-history":[{"count":7,"href":"https:\/\/hatko.com.tr\/de\/wp-json\/wp\/v2\/pages\/2350\/revisions"}],"predecessor-version":[{"id":2357,"href":"https:\/\/hatko.com.tr\/de\/wp-json\/wp\/v2\/pages\/2350\/revisions\/2357"}],"wp:attachment":[{"href":"https:\/\/hatko.com.tr\/de\/wp-json\/wp\/v2\/media?parent=2350"}],"curies":[{"name":"wp","href":"https:\/\/api.w.org\/{rel}","templated":true}]}}