{"id":305,"date":"2021-01-22T09:31:46","date_gmt":"2021-01-22T09:31:46","guid":{"rendered":"http:\/\/hatko.com.tr\/newhatko\/?page_id=305"},"modified":"2021-07-26T08:18:49","modified_gmt":"2021-07-26T08:18:49","slug":"grunderbotschaft","status":"publish","type":"page","link":"https:\/\/hatko.com.tr\/de\/grunderbotschaft\/","title":{"rendered":"Gr\u00fcnderbotschaft"},"content":{"rendered":"\t\t<div data-elementor-type=\"wp-page\" data-elementor-id=\"305\" class=\"elementor elementor-305\" data-elementor-settings=\"[]\">\n\t\t\t\t\t\t<div class=\"elementor-inner\">\n\t\t\t\t\t\t\t<div class=\"elementor-section-wrap\">\n\t\t\t\t\t\t\t<section class=\"elementor-section elementor-top-section elementor-element elementor-element-6d5a8d83 elementor-section-height-min-height elementor-section-boxed elementor-section-height-default elementor-section-items-middle elementor-invisible\" data-id=\"6d5a8d83\" data-element_type=\"section\" data-settings=\"{&quot;background_background&quot;:&quot;classic&quot;,&quot;animation&quot;:&quot;fadeInUp&quot;}\">\n\t\t\t\t\t\t<div class=\"elementor-container elementor-column-gap-default\">\n\t\t\t\t\t\t\t<div class=\"elementor-row\">\n\t\t\t\t\t<div class=\"elementor-column elementor-col-100 elementor-top-column elementor-element elementor-element-3a6ab4d5\" data-id=\"3a6ab4d5\" data-element_type=\"column\">\n\t\t\t<div class=\"elementor-column-wrap elementor-element-populated\">\n\t\t\t\t\t\t\t<div class=\"elementor-widget-wrap\">\n\t\t\t\t\t\t<div class=\"elementor-element elementor-element-75e04949 elementor-widget elementor-widget-text-editor\" data-id=\"75e04949\" data-element_type=\"widget\" data-widget_type=\"text-editor.default\">\n\t\t\t\t<div class=\"elementor-widget-container\">\n\t\t\t\t\t\t\t\t<div class=\"elementor-text-editor elementor-clearfix\">\n\t\t\t\t\t<p>M. Ertu\u011frul Hatayl\u0131<\/p>\t\t\t\t\t<\/div>\n\t\t\t\t\t\t<\/div>\n\t\t\t\t<\/div>\n\t\t\t\t<div class=\"elementor-element elementor-element-4d708781 elementor-widget elementor-widget-heading\" data-id=\"4d708781\" data-element_type=\"widget\" data-widget_type=\"heading.default\">\n\t\t\t\t<div class=\"elementor-widget-container\">\n\t\t\t<h1 class=\"elementor-heading-title elementor-size-default\">Gr\u00fcnderbotschaft<\/h1>\t\t<\/div>\n\t\t\t\t<\/div>\n\t\t\t\t\t\t<\/div>\n\t\t\t\t\t<\/div>\n\t\t<\/div>\n\t\t\t\t\t\t\t\t<\/div>\n\t\t\t\t\t<\/div>\n\t\t<\/section>\n\t\t\t\t<section class=\"elementor-section elementor-top-section elementor-element elementor-element-1ccafb1f elementor-section-content-bottom elementor-section-boxed elementor-section-height-default elementor-section-height-default elementor-invisible\" data-id=\"1ccafb1f\" data-element_type=\"section\" data-settings=\"{&quot;animation&quot;:&quot;fadeInUp&quot;}\">\n\t\t\t\t\t\t<div class=\"elementor-container elementor-column-gap-default\">\n\t\t\t\t\t\t\t<div class=\"elementor-row\">\n\t\t\t\t\t<div class=\"elementor-column elementor-col-50 elementor-top-column elementor-element elementor-element-6c86a9d0\" data-id=\"6c86a9d0\" data-element_type=\"column\">\n\t\t\t<div class=\"elementor-column-wrap elementor-element-populated\">\n\t\t\t\t\t\t\t<div class=\"elementor-widget-wrap\">\n\t\t\t\t\t\t<div class=\"elementor-element elementor-element-821e9cb elementor-widget elementor-widget-image\" data-id=\"821e9cb\" data-element_type=\"widget\" data-widget_type=\"image.default\">\n\t\t\t\t<div class=\"elementor-widget-container\">\n\t\t\t\t\t\t\t\t<div class=\"elementor-image\">\n\t\t\t\t\t\t\t\t\t\t\t\t<img width=\"245\" height=\"323\" src=\"https:\/\/hatko.com.tr\/de\/wp-content\/uploads\/2021\/01\/chairman.jpg\" class=\"attachment-large size-large\" alt=\"\" loading=\"lazy\" srcset=\"https:\/\/hatko.com.tr\/de\/wp-content\/uploads\/2021\/01\/chairman.jpg 245w, https:\/\/hatko.com.tr\/de\/wp-content\/uploads\/2021\/01\/chairman-228x300.jpg 228w\" sizes=\"(max-width: 245px) 100vw, 245px\" \/>\t\t\t\t\t\t\t\t\t\t\t\t\t\t<\/div>\n\t\t\t\t\t\t<\/div>\n\t\t\t\t<\/div>\n\t\t\t\t\t\t<\/div>\n\t\t\t\t\t<\/div>\n\t\t<\/div>\n\t\t\t\t<div class=\"elementor-column elementor-col-50 elementor-top-column elementor-element elementor-element-ce79540\" data-id=\"ce79540\" data-element_type=\"column\">\n\t\t\t<div class=\"elementor-column-wrap elementor-element-populated\">\n\t\t\t\t\t\t\t<div class=\"elementor-widget-wrap\">\n\t\t\t\t\t\t<div class=\"elementor-element elementor-element-5b5df94 elementor-widget elementor-widget-text-editor\" data-id=\"5b5df94\" data-element_type=\"widget\" data-widget_type=\"text-editor.default\">\n\t\t\t\t<div class=\"elementor-widget-container\">\n\t\t\t\t\t\t\t\t<div class=\"elementor-text-editor elementor-clearfix\">\n\t\t\t\t\t<p>\u00a0<\/p><p>HATKO A.\u015e. wurde im Januar 1973 gegr\u00fcndet. Die Mission unseres Unternehmens war es immer, in den f\u00fchrenden Sektoren der t\u00fcrkischen Wirtschaft zu sein. Wir haben immer versucht, einen Mehrwert sowohl f\u00fcr die verwandten Sektoren als auch f\u00fcr die gesamte t\u00fcrkische Wirtschaft und f\u00fcr die Arbeitslosigkeit zu schaffen, welche eines der wichtigsten Themen in der T\u00fcrkei ist.<\/p>\t\t\t\t\t<\/div>\n\t\t\t\t\t\t<\/div>\n\t\t\t\t<\/div>\n\t\t\t\t\t\t<\/div>\n\t\t\t\t\t<\/div>\n\t\t<\/div>\n\t\t\t\t\t\t\t\t<\/div>\n\t\t\t\t\t<\/div>\n\t\t<\/section>\n\t\t\t\t<section class=\"elementor-section elementor-top-section elementor-element elementor-element-b1d6d7f elementor-section-boxed elementor-section-height-default elementor-section-height-default\" data-id=\"b1d6d7f\" data-element_type=\"section\">\n\t\t\t\t\t\t<div class=\"elementor-container elementor-column-gap-default\">\n\t\t\t\t\t\t\t<div class=\"elementor-row\">\n\t\t\t\t\t<div class=\"elementor-column elementor-col-100 elementor-top-column elementor-element elementor-element-5bd9dcc\" data-id=\"5bd9dcc\" data-element_type=\"column\">\n\t\t\t<div class=\"elementor-column-wrap elementor-element-populated\">\n\t\t\t\t\t\t\t<div class=\"elementor-widget-wrap\">\n\t\t\t\t\t\t<div class=\"elementor-element elementor-element-aba0496 elementor-widget elementor-widget-text-editor\" data-id=\"aba0496\" data-element_type=\"widget\" data-widget_type=\"text-editor.default\">\n\t\t\t\t<div class=\"elementor-widget-container\">\n\t\t\t\t\t\t\t\t<div class=\"elementor-text-editor elementor-clearfix\">\n\t\t\t\t\t<p>Unser Unternehmensziel und Motto, welches seit unserer Gr\u00fcndung besteht <br \/><b>&#8220;KUNDENZUFRIEDENHEIT \u2013 VOR UNSERER EIGENEN&#8221;<\/b><br \/>Unter diesem Motto haben wir der Eisen- und Stahlindustrie Ingenieurs-, Beratungs-Know-how-Dienstleistungen und Rohstoffe zur Verf\u00fcgung gestellt, die in den Jahren, in denen unser Unternehmen gegr\u00fcndet wurde, eine der wichtigsten Input-Branchenwaren. Nachdem wir uns in diesem Sektor einen wohlverdienten Ruf erworben haben, haben wir auch Pionierarbeit im Fregattengesch\u00e4ft der Klasse \u201eYavuz\u201c und \u201eBarbaros\u201c geleistet, das eines der renommiertesten Projekte der Schiffbauindustrie und der t\u00fcrkischen Marine war. Unser Unternehmen war nicht nur Innovator beim Import der ersten metallurgischen Kohle aus Australien und der Ukraine f\u00fcr die t\u00fcrkische Eisen- und Stahlindustrie, sondern war auch in verschiedenen anderen Sektoren f\u00fchrend:<\/p><p>Als Unternehmensgruppe sind wir an verschiedenen Aktivit\u00e4ten beteiligt, unter anderem an der Herstellung von Kabelverbindern, der Herstellung von PVC-Fenstersystemen mit der deutschen Thyssen-Gruppe, Produktion von U-Boot-Klimaanlagen mit Noske Kaeser Deutschland in der T\u00fcrkei dem Segeln im Tourismussektor und der Fischzucht im Lebensmittelsektor.<\/p><p>Als Vorsitzender der HATKO Unternehmensgruppe wurde ich 1996 als erstes t\u00fcrkisches und ausl\u00e4ndisches Mitglied in den Aufsichtsrat der Blohm + Voss Werft der ThyssenKrupp Gruppe und 2001 in den Beirat der Deutsche Bank Nord \u2013 Hamburg gew\u00e4hlt. HATKO A.S. ist auch Mitglied vieler wirtschaftlicher und sozialer Vereinigungen.<\/p><p>Unsere Mission ist es, die t\u00fcrkische Industrie und den t\u00fcrkischen Handel auf effektivste Weise aufzuwerten. Wir glauben, dass wir dieses Ziel durch Projekte erreicht haben, die in Teamarbeit innerhalb unserer Gruppe abgeschlossen wurden.<\/p><p>Wie oben erw\u00e4hnt, hat die Kundenzufriedenheit f\u00fcr unsere Gruppe immer Priorit\u00e4t. Ich m\u00f6chte diese Gelegenheit nutzen, um all unseren Kunden im In- und Ausland meinen Dank auszusprechen, die mit ihrer Unterst\u00fctzung zum aktuellen Ansehen von HATKO beigetragen haben, und w\u00fcnsche, dass unsere erfolgreiche Unternehmenskooperation auch in Zukunft weiterbesteht.<\/p><p>Treffen wir uns, seien wir Freunde, machen wir Gesch\u00e4fte und tragen wir zur Weltwirtschaft bei.<\/p><p>Mit freundlichen Gr\u00fc\u00dfen<\/p><p><b>M. Ertu\u011frul Hatayl\u0131<br \/>Vorsitzender der HATKO Unternehmensgruppe<br \/><\/b><\/p>\t\t\t\t\t<\/div>\n\t\t\t\t\t\t<\/div>\n\t\t\t\t<\/div>\n\t\t\t\t\t\t<\/div>\n\t\t\t\t\t<\/div>\n\t\t<\/div>\n\t\t\t\t\t\t\t\t<\/div>\n\t\t\t\t\t<\/div>\n\t\t<\/section>\n\t\t\t\t<section class=\"elementor-section elementor-top-section elementor-element elementor-element-261f4b82 elementor-section-height-min-height elementor-section-boxed elementor-section-height-default elementor-section-items-middle elementor-invisible\" data-id=\"261f4b82\" data-element_type=\"section\" data-settings=\"{&quot;background_background&quot;:&quot;classic&quot;,&quot;animation&quot;:&quot;fadeIn&quot;}\">\n\t\t\t\t\t\t\t<div class=\"elementor-background-overlay\"><\/div>\n\t\t\t\t\t\t\t<div class=\"elementor-container elementor-column-gap-default\">\n\t\t\t\t\t\t\t<div class=\"elementor-row\">\n\t\t\t\t\t<div class=\"elementor-column elementor-col-100 elementor-top-column elementor-element elementor-element-6e0c1f85\" data-id=\"6e0c1f85\" data-element_type=\"column\">\n\t\t\t<div class=\"elementor-column-wrap elementor-element-populated\">\n\t\t\t\t\t\t\t<div class=\"elementor-widget-wrap\">\n\t\t\t\t\t\t<div class=\"elementor-element elementor-element-389ceaa7 elementor-widget elementor-widget-heading\" data-id=\"389ceaa7\" data-element_type=\"widget\" data-settings=\"{&quot;motion_fx_motion_fx_scrolling&quot;:&quot;yes&quot;,&quot;motion_fx_devices&quot;:[&quot;desktop&quot;,&quot;tablet&quot;,&quot;mobile&quot;]}\" data-widget_type=\"heading.default\">\n\t\t\t\t<div class=\"elementor-widget-container\">\n\t\t\t<h2 class=\"elementor-heading-title elementor-size-default\">\u201cTreffen wir uns, seien wir Freunde, machen wir Gesch\u00e4fte und tragen wir zur Weltwirtschaft bei.\u201c<\/h2>\t\t<\/div>\n\t\t\t\t<\/div>\n\t\t\t\t\t\t<\/div>\n\t\t\t\t\t<\/div>\n\t\t<\/div>\n\t\t\t\t\t\t\t\t<\/div>\n\t\t\t\t\t<\/div>\n\t\t<\/section>\n\t\t\t\t\t\t<\/div>\n\t\t\t\t\t\t<\/div>\n\t\t\t\t\t<\/div>\n\t\t","protected":false},"excerpt":{"rendered":"<p>M. Ertu\u011frul Hatayl\u0131 Gr\u00fcnderbotschaft \u00a0 HATKO A.\u015e. wurde im Januar 1973 gegr\u00fcndet. Die Mission unseres Unternehmens war es immer, in den f\u00fchrenden Sektoren der t\u00fcrkischen Wirtschaft zu sein. Wir haben immer versucht, einen Mehrwert sowohl f\u00fcr die verwandten Sektoren als auch f\u00fcr die gesamte t\u00fcrkische Wirtschaft und f\u00fcr die Arbeitslosigkeit zu schaffen, welche eines der [&hellip;]<\/p>\n","protected":false},"author":1,"featured_media":0,"parent":0,"menu_order":0,"comment_status":"closed","ping_status":"closed","template":"","meta":[],"_links":{"self":[{"href":"https:\/\/hatko.com.tr\/de\/wp-json\/wp\/v2\/pages\/305"}],"collection":[{"href":"https:\/\/hatko.com.tr\/de\/wp-json\/wp\/v2\/pages"}],"about":[{"href":"https:\/\/hatko.com.tr\/de\/wp-json\/wp\/v2\/types\/page"}],"author":[{"embeddable":true,"href":"https:\/\/hatko.com.tr\/de\/wp-json\/wp\/v2\/users\/1"}],"replies":[{"embeddable":true,"href":"https:\/\/hatko.com.tr\/de\/wp-json\/wp\/v2\/comments?post=305"}],"version-history":[{"count":62,"href":"https:\/\/hatko.com.tr\/de\/wp-json\/wp\/v2\/pages\/305\/revisions"}],"predecessor-version":[{"id":2336,"href":"https:\/\/hatko.com.tr\/de\/wp-json\/wp\/v2\/pages\/305\/revisions\/2336"}],"wp:attachment":[{"href":"https:\/\/hatko.com.tr\/de\/wp-json\/wp\/v2\/media?parent=305"}],"curies":[{"name":"wp","href":"https:\/\/api.w.org\/{rel}","templated":true}]}}