{"id":898,"date":"2021-03-08T14:19:22","date_gmt":"2021-03-08T14:19:22","guid":{"rendered":"http:\/\/hatko.com.tr\/newhatko\/?page_id=898"},"modified":"2021-06-07T15:18:01","modified_gmt":"2021-06-07T15:18:01","slug":"fe-aktivitaten","status":"publish","type":"page","link":"https:\/\/hatko.com.tr\/de\/fe-aktivitaten\/","title":{"rendered":"F&#038;E Akt\u0131v\u0131t\u00e4ten"},"content":{"rendered":"\t\t<div data-elementor-type=\"wp-page\" data-elementor-id=\"898\" class=\"elementor elementor-898\" data-elementor-settings=\"[]\">\n\t\t\t\t\t\t<div class=\"elementor-inner\">\n\t\t\t\t\t\t\t<div class=\"elementor-section-wrap\">\n\t\t\t\t\t\t\t<section class=\"elementor-section elementor-top-section elementor-element elementor-element-261f4b82 elementor-section-height-min-height elementor-section-boxed elementor-section-height-default elementor-section-items-middle elementor-invisible\" data-id=\"261f4b82\" data-element_type=\"section\" data-settings=\"{&quot;background_background&quot;:&quot;classic&quot;,&quot;animation&quot;:&quot;fadeIn&quot;}\">\n\t\t\t\t\t\t\t<div class=\"elementor-background-overlay\"><\/div>\n\t\t\t\t\t\t\t<div class=\"elementor-container elementor-column-gap-default\">\n\t\t\t\t\t\t\t<div class=\"elementor-row\">\n\t\t\t\t\t<div class=\"elementor-column elementor-col-100 elementor-top-column elementor-element elementor-element-6e0c1f85\" data-id=\"6e0c1f85\" data-element_type=\"column\">\n\t\t\t<div class=\"elementor-column-wrap elementor-element-populated\">\n\t\t\t\t\t\t\t<div class=\"elementor-widget-wrap\">\n\t\t\t\t\t\t<div class=\"elementor-element elementor-element-63f8b17d elementor-widget elementor-widget-text-editor\" data-id=\"63f8b17d\" data-element_type=\"widget\" data-widget_type=\"text-editor.default\">\n\t\t\t\t<div class=\"elementor-widget-container\">\n\t\t\t\t\t\t\t\t<div class=\"elementor-text-editor elementor-clearfix\">\n\t\t\t\t\t<p>Was wir tun<\/p>\t\t\t\t\t<\/div>\n\t\t\t\t\t\t<\/div>\n\t\t\t\t<\/div>\n\t\t\t\t<div class=\"elementor-element elementor-element-389ceaa7 elementor-widget elementor-widget-heading\" data-id=\"389ceaa7\" data-element_type=\"widget\" data-settings=\"{&quot;motion_fx_motion_fx_scrolling&quot;:&quot;yes&quot;,&quot;motion_fx_devices&quot;:[&quot;desktop&quot;,&quot;tablet&quot;,&quot;mobile&quot;]}\" data-widget_type=\"heading.default\">\n\t\t\t\t<div class=\"elementor-widget-container\">\n\t\t\t<h2 class=\"elementor-heading-title elementor-size-default\">Forschung & Entwicklung<\/h2>\t\t<\/div>\n\t\t\t\t<\/div>\n\t\t\t\t\t\t<\/div>\n\t\t\t\t\t<\/div>\n\t\t<\/div>\n\t\t\t\t\t\t\t\t<\/div>\n\t\t\t\t\t<\/div>\n\t\t<\/section>\n\t\t\t\t<section class=\"elementor-section elementor-top-section elementor-element elementor-element-1ccafb1f elementor-section-boxed elementor-section-height-default elementor-section-height-default elementor-invisible\" data-id=\"1ccafb1f\" data-element_type=\"section\" data-settings=\"{&quot;animation&quot;:&quot;fadeInUp&quot;}\">\n\t\t\t\t\t\t<div class=\"elementor-container elementor-column-gap-default\">\n\t\t\t\t\t\t\t<div class=\"elementor-row\">\n\t\t\t\t\t<div class=\"elementor-column elementor-col-50 elementor-top-column elementor-element elementor-element-41ca6336\" data-id=\"41ca6336\" data-element_type=\"column\">\n\t\t\t<div class=\"elementor-column-wrap elementor-element-populated\">\n\t\t\t\t\t\t\t<div class=\"elementor-widget-wrap\">\n\t\t\t\t\t\t<div class=\"elementor-element elementor-element-cf81cca elementor-widget elementor-widget-image\" data-id=\"cf81cca\" data-element_type=\"widget\" data-widget_type=\"image.default\">\n\t\t\t\t<div class=\"elementor-widget-container\">\n\t\t\t\t\t\t\t\t<div class=\"elementor-image\">\n\t\t\t\t\t\t\t\t\t\t\t\t<img width=\"285\" height=\"284\" src=\"https:\/\/hatko.com.tr\/de\/wp-content\/uploads\/2021\/04\/Iso-09.png\" class=\"attachment-large size-large\" alt=\"\" loading=\"lazy\" srcset=\"https:\/\/hatko.com.tr\/de\/wp-content\/uploads\/2021\/04\/Iso-09.png 285w, https:\/\/hatko.com.tr\/de\/wp-content\/uploads\/2021\/04\/Iso-09-150x150.png 150w\" sizes=\"(max-width: 285px) 100vw, 285px\" \/>\t\t\t\t\t\t\t\t\t\t\t\t\t\t<\/div>\n\t\t\t\t\t\t<\/div>\n\t\t\t\t<\/div>\n\t\t\t\t<div class=\"elementor-element elementor-element-d640d31 elementor-widget elementor-widget-image\" data-id=\"d640d31\" data-element_type=\"widget\" data-widget_type=\"image.default\">\n\t\t\t\t<div class=\"elementor-widget-container\">\n\t\t\t\t\t\t\t\t<div class=\"elementor-image\">\n\t\t\t\t\t\t\t\t\t\t\t\t<img width=\"285\" height=\"284\" src=\"https:\/\/hatko.com.tr\/de\/wp-content\/uploads\/2021\/04\/Iso-07.png\" class=\"attachment-large size-large\" alt=\"\" loading=\"lazy\" srcset=\"https:\/\/hatko.com.tr\/de\/wp-content\/uploads\/2021\/04\/Iso-07.png 285w, https:\/\/hatko.com.tr\/de\/wp-content\/uploads\/2021\/04\/Iso-07-150x150.png 150w\" sizes=\"(max-width: 285px) 100vw, 285px\" \/>\t\t\t\t\t\t\t\t\t\t\t\t\t\t<\/div>\n\t\t\t\t\t\t<\/div>\n\t\t\t\t<\/div>\n\t\t\t\t<div class=\"elementor-element elementor-element-4433d4a elementor-widget elementor-widget-image\" data-id=\"4433d4a\" data-element_type=\"widget\" data-widget_type=\"image.default\">\n\t\t\t\t<div class=\"elementor-widget-container\">\n\t\t\t\t\t\t\t\t<div class=\"elementor-image\">\n\t\t\t\t\t\t\t\t\t\t\t\t<img width=\"285\" height=\"284\" src=\"https:\/\/hatko.com.tr\/de\/wp-content\/uploads\/2021\/04\/Iso-10.png\" class=\"attachment-large size-large\" alt=\"\" loading=\"lazy\" srcset=\"https:\/\/hatko.com.tr\/de\/wp-content\/uploads\/2021\/04\/Iso-10.png 285w, https:\/\/hatko.com.tr\/de\/wp-content\/uploads\/2021\/04\/Iso-10-150x150.png 150w\" sizes=\"(max-width: 285px) 100vw, 285px\" \/>\t\t\t\t\t\t\t\t\t\t\t\t\t\t<\/div>\n\t\t\t\t\t\t<\/div>\n\t\t\t\t<\/div>\n\t\t\t\t<div class=\"elementor-element elementor-element-93b7d7f elementor-widget elementor-widget-image\" data-id=\"93b7d7f\" data-element_type=\"widget\" data-widget_type=\"image.default\">\n\t\t\t\t<div class=\"elementor-widget-container\">\n\t\t\t\t\t\t\t\t<div class=\"elementor-image\">\n\t\t\t\t\t\t\t\t\t\t\t\t<img width=\"285\" height=\"284\" src=\"https:\/\/hatko.com.tr\/de\/wp-content\/uploads\/2021\/04\/Iso-08.png\" class=\"attachment-large size-large\" alt=\"\" loading=\"lazy\" srcset=\"https:\/\/hatko.com.tr\/de\/wp-content\/uploads\/2021\/04\/Iso-08.png 285w, https:\/\/hatko.com.tr\/de\/wp-content\/uploads\/2021\/04\/Iso-08-150x150.png 150w\" sizes=\"(max-width: 285px) 100vw, 285px\" \/>\t\t\t\t\t\t\t\t\t\t\t\t\t\t<\/div>\n\t\t\t\t\t\t<\/div>\n\t\t\t\t<\/div>\n\t\t\t\t<div class=\"elementor-element elementor-element-1f1d8e3 elementor-widget elementor-widget-image\" data-id=\"1f1d8e3\" data-element_type=\"widget\" data-widget_type=\"image.default\">\n\t\t\t\t<div class=\"elementor-widget-container\">\n\t\t\t\t\t\t\t\t<div class=\"elementor-image\">\n\t\t\t\t\t\t\t\t\t\t\t\t<img width=\"644\" height=\"454\" src=\"https:\/\/hatko.com.tr\/de\/wp-content\/uploads\/2021\/04\/Iso-11.png\" class=\"attachment-large size-large\" alt=\"\" loading=\"lazy\" srcset=\"https:\/\/hatko.com.tr\/de\/wp-content\/uploads\/2021\/04\/Iso-11.png 644w, https:\/\/hatko.com.tr\/de\/wp-content\/uploads\/2021\/04\/Iso-11-300x211.png 300w\" sizes=\"(max-width: 644px) 100vw, 644px\" \/>\t\t\t\t\t\t\t\t\t\t\t\t\t\t<\/div>\n\t\t\t\t\t\t<\/div>\n\t\t\t\t<\/div>\n\t\t\t\t\t\t<\/div>\n\t\t\t\t\t<\/div>\n\t\t<\/div>\n\t\t\t\t<div class=\"elementor-column elementor-col-50 elementor-top-column elementor-element elementor-element-6c86a9d0\" data-id=\"6c86a9d0\" data-element_type=\"column\">\n\t\t\t<div class=\"elementor-column-wrap elementor-element-populated\">\n\t\t\t\t\t\t\t<div class=\"elementor-widget-wrap\">\n\t\t\t\t\t\t<div class=\"elementor-element elementor-element-3370697 elementor-widget elementor-widget-heading\" data-id=\"3370697\" data-element_type=\"widget\" data-widget_type=\"heading.default\">\n\t\t\t\t<div class=\"elementor-widget-container\">\n\t\t\t<h2 class=\"elementor-heading-title elementor-size-default\">F&E Akt\u0131v\u0131t\u00e4ten<\/h2>\t\t<\/div>\n\t\t\t\t<\/div>\n\t\t\t\t<div class=\"elementor-element elementor-element-b0b1e03 elementor-widget elementor-widget-text-editor\" data-id=\"b0b1e03\" data-element_type=\"widget\" data-widget_type=\"text-editor.default\">\n\t\t\t\t<div class=\"elementor-widget-container\">\n\t\t\t\t\t\t\t\t<div class=\"elementor-text-editor elementor-clearfix\">\n\t\t\t\t\t<p>Die HATKO Firmengruppe betreibt im Rahmen seiner Forschungs- und Entwicklungst\u00e4tigkeiten mit ihren interdisziplin\u00e4ren Mitarbeitern vor allem in den Bereichen progressiver Werkzeugtechnik, elektrolytische Rolle zu Rolle Metallbeschichtung, Kunststoffinjektion, Photovoltaik-Stromerzeugung und innovative Produktionstechnologie Projekte.<\/p>\n<p>Die F+E Aktivit\u00e4ten werden mit gut ausgebildeten Ingenieuren, technischem Personal sowie intensiven Hochschulkooperationen betrieben.<\/p>\n<p>Unser HATKO F+E Zentrum wird seit 16. Oktober 2017 vom Ministerium f\u00fcr Wissenschaft, Industrie und Technologie unterst\u00fctzt. Zahlreiche Projekte wurden erfolgreich mit der Unterst\u00fctzung TUB\u0130TAK-TEYDEB und KOSGEB (staatliche Institutionen zur F\u00f6rderung von F+E Projekten) durchgef\u00fchrt und vermarktet. Weitere unterst\u00fctzte Projekte sind in Bearbeitung.<\/p>\n<p>Das Labor im F+E Zentrum unseres Unternehmens wurde vom T\u00dcV Rheinland und UL f\u00fcr Tests nach IEC 61210: 2010 Standard akkreditiert.<\/p>\n<p>Im Oktober 2020 belegte HATKO gem\u00e4\u00df Turkishtime F+E 250 Magazin den 241. Platz unter den Unternehmen mit den h\u00f6chsten F+E Investitionen.<\/p>\n<p>Im ersten Innovationsentwicklungsprogramm \u0130novaL\u0130G T\u00fcrkei wurde HATKO als 40. in der Kategorie Innovationsergebnisse mit dem \u0130novaL\u0130G 2018 Excellence Certificate ausgezeichnet.<\/p>\n<p>Die HATKO Forschungs- &amp; Entwicklungsabteilung wird weiterhin daran arbeiten, ihr Branchenwissen, die St\u00e4rke von Human Resources sowie die Wirtschafts- und Investitonskraft auszubauen, um Wettbewerbsf\u00e4higkeit und Nachhaltigkeit zu schaffen.<\/p>\t\t\t\t\t<\/div>\n\t\t\t\t\t\t<\/div>\n\t\t\t\t<\/div>\n\t\t\t\t<div class=\"elementor-element elementor-element-d000120 elementor-widget elementor-widget-image\" data-id=\"d000120\" data-element_type=\"widget\" data-widget_type=\"image.default\">\n\t\t\t\t<div class=\"elementor-widget-container\">\n\t\t\t\t\t\t\t\t<div class=\"elementor-image\">\n\t\t\t\t\t\t\t\t\t\t\t\t<img width=\"800\" height=\"491\" src=\"https:\/\/hatko.com.tr\/de\/wp-content\/uploads\/2021\/03\/himg023.jpg\" class=\"attachment-large size-large\" alt=\"\" loading=\"lazy\" srcset=\"https:\/\/hatko.com.tr\/de\/wp-content\/uploads\/2021\/03\/himg023.jpg 800w, https:\/\/hatko.com.tr\/de\/wp-content\/uploads\/2021\/03\/himg023-300x184.jpg 300w, https:\/\/hatko.com.tr\/de\/wp-content\/uploads\/2021\/03\/himg023-768x471.jpg 768w\" sizes=\"(max-width: 800px) 100vw, 800px\" \/>\t\t\t\t\t\t\t\t\t\t\t\t\t\t<\/div>\n\t\t\t\t\t\t<\/div>\n\t\t\t\t<\/div>\n\t\t\t\t\t\t<\/div>\n\t\t\t\t\t<\/div>\n\t\t<\/div>\n\t\t\t\t\t\t\t\t<\/div>\n\t\t\t\t\t<\/div>\n\t\t<\/section>\n\t\t\t\t\t\t<\/div>\n\t\t\t\t\t\t<\/div>\n\t\t\t\t\t<\/div>\n\t\t","protected":false},"excerpt":{"rendered":"<p>Was wir tun Forschung &#038; Entwicklung F&#038;E Akt\u0131v\u0131t\u00e4ten Die HATKO Firmengruppe betreibt im Rahmen seiner Forschungs- und Entwicklungst\u00e4tigkeiten mit ihren interdisziplin\u00e4ren Mitarbeitern vor allem in den Bereichen progressiver Werkzeugtechnik, elektrolytische Rolle zu Rolle Metallbeschichtung, Kunststoffinjektion, Photovoltaik-Stromerzeugung und innovative Produktionstechnologie Projekte. Die F+E Aktivit\u00e4ten werden mit gut ausgebildeten Ingenieuren, technischem Personal sowie intensiven Hochschulkooperationen betrieben. Unser [&hellip;]<\/p>\n","protected":false},"author":1,"featured_media":0,"parent":0,"menu_order":0,"comment_status":"closed","ping_status":"closed","template":"","meta":[],"_links":{"self":[{"href":"https:\/\/hatko.com.tr\/de\/wp-json\/wp\/v2\/pages\/898"}],"collection":[{"href":"https:\/\/hatko.com.tr\/de\/wp-json\/wp\/v2\/pages"}],"about":[{"href":"https:\/\/hatko.com.tr\/de\/wp-json\/wp\/v2\/types\/page"}],"author":[{"embeddable":true,"href":"https:\/\/hatko.com.tr\/de\/wp-json\/wp\/v2\/users\/1"}],"replies":[{"embeddable":true,"href":"https:\/\/hatko.com.tr\/de\/wp-json\/wp\/v2\/comments?post=898"}],"version-history":[{"count":83,"href":"https:\/\/hatko.com.tr\/de\/wp-json\/wp\/v2\/pages\/898\/revisions"}],"predecessor-version":[{"id":2318,"href":"https:\/\/hatko.com.tr\/de\/wp-json\/wp\/v2\/pages\/898\/revisions\/2318"}],"wp:attachment":[{"href":"https:\/\/hatko.com.tr\/de\/wp-json\/wp\/v2\/media?parent=898"}],"curies":[{"name":"wp","href":"https:\/\/api.w.org\/{rel}","templated":true}]}}